{"id":183,"date":"2025-11-22T16:02:54","date_gmt":"2025-11-22T16:02:54","guid":{"rendered":"https:\/\/www.mireilleetbenoit.life\/index.php\/product\/week-end-thalasso-duo\/"},"modified":"2026-01-18T22:15:17","modified_gmt":"2026-01-18T22:15:17","slug":"week-end-thalasso-duo","status":"publish","type":"product","link":"https:\/\/www.mireilleetbenoit.life\/index.php\/product\/week-end-thalasso-duo\/","title":{"rendered":"Week-end Thalasso Duo"},"content":{"rendered":"<p>Une parenth\u00e8se ressour\u00e7ante avec massages, soins marins et moments de complicit\u00e9. Parce qu&rsquo;on m\u00e9rite bien de se faire chouchouter !<\/p>\n","protected":false},"excerpt":{"rendered":"<p>D\u00e9tente au bord de l&rsquo;eau<\/p>\n","protected":false},"featured_media":260,"comment_status":"open","ping_status":"closed","template":"","meta":[],"product_brand":[],"product_cat":[19],"product_tag":[],"class_list":{"0":"post-183","1":"product","2":"type-product","3":"status-publish","4":"has-post-thumbnail","6":"product_cat-voyages-detente","8":"first","9":"instock","10":"shipping-taxable","11":"purchasable","12":"product-type-simple"},"_links":{"self":[{"href":"https:\/\/www.mireilleetbenoit.life\/index.php\/wp-json\/wp\/v2\/product\/183","targetHints":{"allow":["GET"]}}],"collection":[{"href":"https:\/\/www.mireilleetbenoit.life\/index.php\/wp-json\/wp\/v2\/product"}],"about":[{"href":"https:\/\/www.mireilleetbenoit.life\/index.php\/wp-json\/wp\/v2\/types\/product"}],"replies":[{"embeddable":true,"href":"https:\/\/www.mireilleetbenoit.life\/index.php\/wp-json\/wp\/v2\/comments?post=183"}],"wp:featuredmedia":[{"embeddable":true,"href":"https:\/\/www.mireilleetbenoit.life\/index.php\/wp-json\/wp\/v2\/media\/260"}],"wp:attachment":[{"href":"https:\/\/www.mireilleetbenoit.life\/index.php\/wp-json\/wp\/v2\/media?parent=183"}],"wp:term":[{"taxonomy":"product_brand","embeddable":true,"href":"https:\/\/www.mireilleetbenoit.life\/index.php\/wp-json\/wp\/v2\/product_brand?post=183"},{"taxonomy":"product_cat","embeddable":true,"href":"https:\/\/www.mireilleetbenoit.life\/index.php\/wp-json\/wp\/v2\/product_cat?post=183"},{"taxonomy":"product_tag","embeddable":true,"href":"https:\/\/www.mireilleetbenoit.life\/index.php\/wp-json\/wp\/v2\/product_tag?post=183"}],"curies":[{"name":"wp","href":"https:\/\/api.w.org\/{rel}","templated":true}]}}