{"id":187,"date":"2025-11-22T16:02:54","date_gmt":"2025-11-22T16:02:54","guid":{"rendered":"https:\/\/www.mireilleetbenoit.life\/index.php\/product\/seance-spa-duo\/"},"modified":"2025-11-22T16:02:54","modified_gmt":"2025-11-22T16:02:54","slug":"seance-spa-duo","status":"publish","type":"product","link":"https:\/\/www.mireilleetbenoit.life\/index.php\/product\/seance-spa-duo\/","title":{"rendered":"S\u00e9ance Spa Duo"},"content":{"rendered":"<p>Moment de d\u00e9tente partag\u00e9 dans un spa de qualit\u00e9. Massages, jacuzzi, et s\u00e9r\u00e9nit\u00e9 garantie.<\/p>\n","protected":false},"excerpt":{"rendered":"<p>Bulle de bien-\u00eatre \u00e0 deux<\/p>\n","protected":false},"featured_media":264,"comment_status":"open","ping_status":"closed","template":"","meta":[],"product_brand":[],"product_cat":[19],"product_tag":[],"class_list":{"0":"post-187","1":"product","2":"type-product","3":"status-publish","4":"has-post-thumbnail","6":"product_cat-voyages-detente","8":"first","9":"instock","10":"shipping-taxable","11":"purchasable","12":"product-type-simple"},"_links":{"self":[{"href":"https:\/\/www.mireilleetbenoit.life\/index.php\/wp-json\/wp\/v2\/product\/187","targetHints":{"allow":["GET"]}}],"collection":[{"href":"https:\/\/www.mireilleetbenoit.life\/index.php\/wp-json\/wp\/v2\/product"}],"about":[{"href":"https:\/\/www.mireilleetbenoit.life\/index.php\/wp-json\/wp\/v2\/types\/product"}],"replies":[{"embeddable":true,"href":"https:\/\/www.mireilleetbenoit.life\/index.php\/wp-json\/wp\/v2\/comments?post=187"}],"wp:featuredmedia":[{"embeddable":true,"href":"https:\/\/www.mireilleetbenoit.life\/index.php\/wp-json\/wp\/v2\/media\/264"}],"wp:attachment":[{"href":"https:\/\/www.mireilleetbenoit.life\/index.php\/wp-json\/wp\/v2\/media?parent=187"}],"wp:term":[{"taxonomy":"product_brand","embeddable":true,"href":"https:\/\/www.mireilleetbenoit.life\/index.php\/wp-json\/wp\/v2\/product_brand?post=187"},{"taxonomy":"product_cat","embeddable":true,"href":"https:\/\/www.mireilleetbenoit.life\/index.php\/wp-json\/wp\/v2\/product_cat?post=187"},{"taxonomy":"product_tag","embeddable":true,"href":"https:\/\/www.mireilleetbenoit.life\/index.php\/wp-json\/wp\/v2\/product_tag?post=187"}],"curies":[{"name":"wp","href":"https:\/\/api.w.org\/{rel}","templated":true}]}}