{"id":188,"date":"2025-11-22T16:02:55","date_gmt":"2025-11-22T16:02:55","guid":{"rendered":"https:\/\/www.mireilleetbenoit.life\/index.php\/product\/cave-a-vin-12-mois\/"},"modified":"2025-11-22T16:02:55","modified_gmt":"2025-11-22T16:02:55","slug":"cave-a-vin-12-mois","status":"publish","type":"product","link":"https:\/\/www.mireilleetbenoit.life\/index.php\/product\/cave-a-vin-12-mois\/","title":{"rendered":"Cave \u00e0 Vin 12 Mois"},"content":{"rendered":"<p>Abonnement mensuel avec s\u00e9lection de vins de qualit\u00e9. Parfait pour d\u00e9couvrir et d\u00e9guster ensemble.<\/p>\n","protected":false},"excerpt":{"rendered":"<p>Bons crus au fil des saisons<\/p>\n","protected":false},"featured_media":265,"comment_status":"open","ping_status":"closed","template":"","meta":[],"product_brand":[],"product_cat":[20],"product_tag":[],"class_list":{"0":"post-188","1":"product","2":"type-product","3":"status-publish","4":"has-post-thumbnail","6":"product_cat-epicurisme-plaisirs","8":"first","9":"instock","10":"shipping-taxable","11":"purchasable","12":"product-type-simple"},"_links":{"self":[{"href":"https:\/\/www.mireilleetbenoit.life\/index.php\/wp-json\/wp\/v2\/product\/188","targetHints":{"allow":["GET"]}}],"collection":[{"href":"https:\/\/www.mireilleetbenoit.life\/index.php\/wp-json\/wp\/v2\/product"}],"about":[{"href":"https:\/\/www.mireilleetbenoit.life\/index.php\/wp-json\/wp\/v2\/types\/product"}],"replies":[{"embeddable":true,"href":"https:\/\/www.mireilleetbenoit.life\/index.php\/wp-json\/wp\/v2\/comments?post=188"}],"wp:featuredmedia":[{"embeddable":true,"href":"https:\/\/www.mireilleetbenoit.life\/index.php\/wp-json\/wp\/v2\/media\/265"}],"wp:attachment":[{"href":"https:\/\/www.mireilleetbenoit.life\/index.php\/wp-json\/wp\/v2\/media?parent=188"}],"wp:term":[{"taxonomy":"product_brand","embeddable":true,"href":"https:\/\/www.mireilleetbenoit.life\/index.php\/wp-json\/wp\/v2\/product_brand?post=188"},{"taxonomy":"product_cat","embeddable":true,"href":"https:\/\/www.mireilleetbenoit.life\/index.php\/wp-json\/wp\/v2\/product_cat?post=188"},{"taxonomy":"product_tag","embeddable":true,"href":"https:\/\/www.mireilleetbenoit.life\/index.php\/wp-json\/wp\/v2\/product_tag?post=188"}],"curies":[{"name":"wp","href":"https:\/\/api.w.org\/{rel}","templated":true}]}}