{"id":197,"date":"2025-11-22T16:02:55","date_gmt":"2025-11-22T16:02:55","guid":{"rendered":"https:\/\/www.mireilleetbenoit.life\/index.php\/product\/velos-electriques\/"},"modified":"2025-11-22T16:02:55","modified_gmt":"2025-11-22T16:02:55","slug":"velos-electriques","status":"publish","type":"product","link":"https:\/\/www.mireilleetbenoit.life\/index.php\/product\/velos-electriques\/","title":{"rendered":"V\u00e9los \u00c9lectriques"},"content":{"rendered":"<p>Deux v\u00e9los \u00e9lectriques pour red\u00e9couvrir les balades \u00e0 deux. L&rsquo;\u00e9cologie avec style !<\/p>\n","protected":false},"excerpt":{"rendered":"<p>Balades \u00e9colo et sans effort<\/p>\n","protected":false},"featured_media":274,"comment_status":"open","ping_status":"closed","template":"","meta":[],"product_brand":[],"product_cat":[22],"product_tag":[],"class_list":{"0":"post-197","1":"product","2":"type-product","3":"status-publish","4":"has-post-thumbnail","6":"product_cat-loisirs-sports","8":"first","9":"instock","10":"shipping-taxable","11":"purchasable","12":"product-type-simple"},"_links":{"self":[{"href":"https:\/\/www.mireilleetbenoit.life\/index.php\/wp-json\/wp\/v2\/product\/197","targetHints":{"allow":["GET"]}}],"collection":[{"href":"https:\/\/www.mireilleetbenoit.life\/index.php\/wp-json\/wp\/v2\/product"}],"about":[{"href":"https:\/\/www.mireilleetbenoit.life\/index.php\/wp-json\/wp\/v2\/types\/product"}],"replies":[{"embeddable":true,"href":"https:\/\/www.mireilleetbenoit.life\/index.php\/wp-json\/wp\/v2\/comments?post=197"}],"wp:featuredmedia":[{"embeddable":true,"href":"https:\/\/www.mireilleetbenoit.life\/index.php\/wp-json\/wp\/v2\/media\/274"}],"wp:attachment":[{"href":"https:\/\/www.mireilleetbenoit.life\/index.php\/wp-json\/wp\/v2\/media?parent=197"}],"wp:term":[{"taxonomy":"product_brand","embeddable":true,"href":"https:\/\/www.mireilleetbenoit.life\/index.php\/wp-json\/wp\/v2\/product_brand?post=197"},{"taxonomy":"product_cat","embeddable":true,"href":"https:\/\/www.mireilleetbenoit.life\/index.php\/wp-json\/wp\/v2\/product_cat?post=197"},{"taxonomy":"product_tag","embeddable":true,"href":"https:\/\/www.mireilleetbenoit.life\/index.php\/wp-json\/wp\/v2\/product_tag?post=197"}],"curies":[{"name":"wp","href":"https:\/\/api.w.org\/{rel}","templated":true}]}}