{"id":204,"date":"2025-11-22T16:02:56","date_gmt":"2025-11-22T16:02:56","guid":{"rendered":"https:\/\/www.mireilleetbenoit.life\/index.php\/product\/abonnement-theatre-1-an\/"},"modified":"2025-11-22T16:02:56","modified_gmt":"2025-11-22T16:02:56","slug":"abonnement-theatre-1-an","status":"publish","type":"product","link":"https:\/\/www.mireilleetbenoit.life\/index.php\/product\/abonnement-theatre-1-an\/","title":{"rendered":"Abonnement Th\u00e9\u00e2tre 1 An"},"content":{"rendered":"<p>Places pour 10 spectacles dans l&rsquo;ann\u00e9e. Soir\u00e9es culturelles garanties !<\/p>\n","protected":false},"excerpt":{"rendered":"<p>Culture et soir\u00e9es \u00e9l\u00e9gantes<\/p>\n","protected":false},"featured_media":281,"comment_status":"open","ping_status":"closed","template":"","meta":[],"product_brand":[],"product_cat":[25],"product_tag":[],"class_list":{"0":"post-204","1":"product","2":"type-product","3":"status-publish","4":"has-post-thumbnail","6":"product_cat-culture-sorties","8":"first","9":"instock","10":"shipping-taxable","11":"purchasable","12":"product-type-simple"},"_links":{"self":[{"href":"https:\/\/www.mireilleetbenoit.life\/index.php\/wp-json\/wp\/v2\/product\/204","targetHints":{"allow":["GET"]}}],"collection":[{"href":"https:\/\/www.mireilleetbenoit.life\/index.php\/wp-json\/wp\/v2\/product"}],"about":[{"href":"https:\/\/www.mireilleetbenoit.life\/index.php\/wp-json\/wp\/v2\/types\/product"}],"replies":[{"embeddable":true,"href":"https:\/\/www.mireilleetbenoit.life\/index.php\/wp-json\/wp\/v2\/comments?post=204"}],"wp:featuredmedia":[{"embeddable":true,"href":"https:\/\/www.mireilleetbenoit.life\/index.php\/wp-json\/wp\/v2\/media\/281"}],"wp:attachment":[{"href":"https:\/\/www.mireilleetbenoit.life\/index.php\/wp-json\/wp\/v2\/media?parent=204"}],"wp:term":[{"taxonomy":"product_brand","embeddable":true,"href":"https:\/\/www.mireilleetbenoit.life\/index.php\/wp-json\/wp\/v2\/product_brand?post=204"},{"taxonomy":"product_cat","embeddable":true,"href":"https:\/\/www.mireilleetbenoit.life\/index.php\/wp-json\/wp\/v2\/product_cat?post=204"},{"taxonomy":"product_tag","embeddable":true,"href":"https:\/\/www.mireilleetbenoit.life\/index.php\/wp-json\/wp\/v2\/product_tag?post=204"}],"curies":[{"name":"wp","href":"https:\/\/api.w.org\/{rel}","templated":true}]}}