{"id":205,"date":"2025-11-22T16:02:56","date_gmt":"2025-11-22T16:02:56","guid":{"rendered":"https:\/\/www.mireilleetbenoit.life\/index.php\/product\/cinema-illimite-1-an\/"},"modified":"2025-11-22T16:02:56","modified_gmt":"2025-11-22T16:02:56","slug":"cinema-illimite-1-an","status":"publish","type":"product","link":"https:\/\/www.mireilleetbenoit.life\/index.php\/product\/cinema-illimite-1-an\/","title":{"rendered":"Cin\u00e9ma Illimit\u00e9 1 An"},"content":{"rendered":"<p>Deux cartes illimit\u00e9es pour un an de cin\u00e9ma \u00e0 volont\u00e9. Pop-corn et complicit\u00e9 !<\/p>\n","protected":false},"excerpt":{"rendered":"<p>Tous les films qu&rsquo;on veut<\/p>\n","protected":false},"featured_media":282,"comment_status":"open","ping_status":"closed","template":"","meta":[],"product_brand":[],"product_cat":[25],"product_tag":[],"class_list":{"0":"post-205","1":"product","2":"type-product","3":"status-publish","4":"has-post-thumbnail","6":"product_cat-culture-sorties","8":"first","9":"instock","10":"shipping-taxable","11":"purchasable","12":"product-type-simple"},"_links":{"self":[{"href":"https:\/\/www.mireilleetbenoit.life\/index.php\/wp-json\/wp\/v2\/product\/205","targetHints":{"allow":["GET"]}}],"collection":[{"href":"https:\/\/www.mireilleetbenoit.life\/index.php\/wp-json\/wp\/v2\/product"}],"about":[{"href":"https:\/\/www.mireilleetbenoit.life\/index.php\/wp-json\/wp\/v2\/types\/product"}],"replies":[{"embeddable":true,"href":"https:\/\/www.mireilleetbenoit.life\/index.php\/wp-json\/wp\/v2\/comments?post=205"}],"wp:featuredmedia":[{"embeddable":true,"href":"https:\/\/www.mireilleetbenoit.life\/index.php\/wp-json\/wp\/v2\/media\/282"}],"wp:attachment":[{"href":"https:\/\/www.mireilleetbenoit.life\/index.php\/wp-json\/wp\/v2\/media?parent=205"}],"wp:term":[{"taxonomy":"product_brand","embeddable":true,"href":"https:\/\/www.mireilleetbenoit.life\/index.php\/wp-json\/wp\/v2\/product_brand?post=205"},{"taxonomy":"product_cat","embeddable":true,"href":"https:\/\/www.mireilleetbenoit.life\/index.php\/wp-json\/wp\/v2\/product_cat?post=205"},{"taxonomy":"product_tag","embeddable":true,"href":"https:\/\/www.mireilleetbenoit.life\/index.php\/wp-json\/wp\/v2\/product_tag?post=205"}],"curies":[{"name":"wp","href":"https:\/\/api.w.org\/{rel}","templated":true}]}}