{"id":218,"date":"2025-11-22T16:02:58","date_gmt":"2025-11-22T16:02:58","guid":{"rendered":"https:\/\/www.mireilleetbenoit.life\/index.php\/product\/week-end-bordeaux\/"},"modified":"2025-11-22T16:02:58","modified_gmt":"2025-11-22T16:02:58","slug":"week-end-bordeaux","status":"publish","type":"product","link":"https:\/\/www.mireilleetbenoit.life\/index.php\/product\/week-end-bordeaux\/","title":{"rendered":"Week-end Bordeaux"},"content":{"rendered":"<p>Escapade \u0153nologique dans les ch\u00e2teaux bordelais. Sant\u00e9 !<\/p>\n","protected":false},"excerpt":{"rendered":"<p>Vignobles et gastronomie<\/p>\n","protected":false},"featured_media":295,"comment_status":"open","ping_status":"closed","template":"","meta":[],"product_brand":[],"product_cat":[19],"product_tag":[],"class_list":{"0":"post-218","1":"product","2":"type-product","3":"status-publish","4":"has-post-thumbnail","6":"product_cat-voyages-detente","8":"first","9":"instock","10":"shipping-taxable","11":"purchasable","12":"product-type-simple"},"_links":{"self":[{"href":"https:\/\/www.mireilleetbenoit.life\/index.php\/wp-json\/wp\/v2\/product\/218","targetHints":{"allow":["GET"]}}],"collection":[{"href":"https:\/\/www.mireilleetbenoit.life\/index.php\/wp-json\/wp\/v2\/product"}],"about":[{"href":"https:\/\/www.mireilleetbenoit.life\/index.php\/wp-json\/wp\/v2\/types\/product"}],"replies":[{"embeddable":true,"href":"https:\/\/www.mireilleetbenoit.life\/index.php\/wp-json\/wp\/v2\/comments?post=218"}],"wp:featuredmedia":[{"embeddable":true,"href":"https:\/\/www.mireilleetbenoit.life\/index.php\/wp-json\/wp\/v2\/media\/295"}],"wp:attachment":[{"href":"https:\/\/www.mireilleetbenoit.life\/index.php\/wp-json\/wp\/v2\/media?parent=218"}],"wp:term":[{"taxonomy":"product_brand","embeddable":true,"href":"https:\/\/www.mireilleetbenoit.life\/index.php\/wp-json\/wp\/v2\/product_brand?post=218"},{"taxonomy":"product_cat","embeddable":true,"href":"https:\/\/www.mireilleetbenoit.life\/index.php\/wp-json\/wp\/v2\/product_cat?post=218"},{"taxonomy":"product_tag","embeddable":true,"href":"https:\/\/www.mireilleetbenoit.life\/index.php\/wp-json\/wp\/v2\/product_tag?post=218"}],"curies":[{"name":"wp","href":"https:\/\/api.w.org\/{rel}","templated":true}]}}