{"id":226,"date":"2025-11-22T16:02:59","date_gmt":"2025-11-22T16:02:59","guid":{"rendered":"https:\/\/www.mireilleetbenoit.life\/index.php\/product\/plongee-duo-bapteme\/"},"modified":"2026-01-01T18:42:33","modified_gmt":"2026-01-01T18:42:33","slug":"plongee-duo-bapteme","status":"publish","type":"product","link":"https:\/\/www.mireilleetbenoit.life\/index.php\/product\/plongee-duo-bapteme\/","title":{"rendered":"Plong\u00e9e Duo + Bapt\u00eame"},"content":{"rendered":"<p>\u00c9quipement complet et premi\u00e8re plong\u00e9e encadr\u00e9e. L&rsquo;aventure sous-marine !<\/p>\n","protected":false},"excerpt":{"rendered":"<p>Explorer les fonds marins<\/p>\n","protected":false},"featured_media":303,"comment_status":"open","ping_status":"closed","template":"","meta":[],"product_brand":[],"product_cat":[22],"product_tag":[],"class_list":{"0":"post-226","1":"product","2":"type-product","3":"status-publish","4":"has-post-thumbnail","6":"product_cat-loisirs-sports","8":"first","9":"instock","10":"shipping-taxable","11":"purchasable","12":"product-type-simple"},"_links":{"self":[{"href":"https:\/\/www.mireilleetbenoit.life\/index.php\/wp-json\/wp\/v2\/product\/226","targetHints":{"allow":["GET"]}}],"collection":[{"href":"https:\/\/www.mireilleetbenoit.life\/index.php\/wp-json\/wp\/v2\/product"}],"about":[{"href":"https:\/\/www.mireilleetbenoit.life\/index.php\/wp-json\/wp\/v2\/types\/product"}],"replies":[{"embeddable":true,"href":"https:\/\/www.mireilleetbenoit.life\/index.php\/wp-json\/wp\/v2\/comments?post=226"}],"wp:featuredmedia":[{"embeddable":true,"href":"https:\/\/www.mireilleetbenoit.life\/index.php\/wp-json\/wp\/v2\/media\/303"}],"wp:attachment":[{"href":"https:\/\/www.mireilleetbenoit.life\/index.php\/wp-json\/wp\/v2\/media?parent=226"}],"wp:term":[{"taxonomy":"product_brand","embeddable":true,"href":"https:\/\/www.mireilleetbenoit.life\/index.php\/wp-json\/wp\/v2\/product_brand?post=226"},{"taxonomy":"product_cat","embeddable":true,"href":"https:\/\/www.mireilleetbenoit.life\/index.php\/wp-json\/wp\/v2\/product_cat?post=226"},{"taxonomy":"product_tag","embeddable":true,"href":"https:\/\/www.mireilleetbenoit.life\/index.php\/wp-json\/wp\/v2\/product_tag?post=226"}],"curies":[{"name":"wp","href":"https:\/\/api.w.org\/{rel}","templated":true}]}}